{"id":12,"date":"2023-09-02T14:01:17","date_gmt":"2023-09-02T12:01:17","guid":{"rendered":"http:\/\/candice-brunet.com\/?page_id=12"},"modified":"2024-01-31T00:26:44","modified_gmt":"2024-01-30T23:26:44","slug":"prestations-tarifs-sophrologie-grenoble","status":"publish","type":"page","link":"https:\/\/candice-brunet.com\/index.php\/prestations-tarifs-sophrologie-grenoble\/","title":{"rendered":"Prestations &#038; Tarifs"},"content":{"rendered":"\n<p><strong>S\u00e9ance individuelle \u00e0 domicile<\/strong> &#8211; d\u00e9placement compris<\/p>\n\n\n\n<ul class=\"wp-block-list\">\n<li>enfants  jusqu\u2019\u00e0 12 ans &#8211; 45 minutes &#8211; 50 \u20ac<\/li>\n\n\n\n<li>ado +de 13 ans et adultes &#8211; 1h \u2013 55\u20ac<\/li>\n\n\n\n<li>\u00e9tudiants &#8211; 1h \u2013 45\u20ac<\/li>\n<\/ul>\n\n\n\n<p><strong>S\u00e9ance de groupes<\/strong><\/p>\n\n\n\n<ul class=\"wp-block-list\">\n<li>Relaxation ludique pour les enfants \u00e0 partir de 3 ans<\/li>\n\n\n\n<li>Association et institution <\/li>\n<\/ul>\n\n\n\n<p><a href=\"https:\/\/candice-brunet.com\/index.php\/contact-prendre-rendez-vous-sophrologie-candice-brunet\/\" data-type=\"page\" data-id=\"14\">Me contacter pour un devis<\/a><\/p>\n\n\n\n<hr class=\"wp-block-separator has-alpha-channel-opacity\"\/>\n\n\n\n<p>J\u2019interviens sur <strong>Grenoble et agglom\u00e9ration<\/strong>.<br><a href=\"https:\/\/candice-brunet.com\/index.php\/contact-prendre-rendez-vous-sophrologie-candice-brunet\/\" data-type=\"page\" data-id=\"14\">Me contacter<\/a> pour des s\u00e9ances au-del\u00e0 de ce p\u00e9rim\u00e8tre.<\/p>\n\n\n\n<p class=\"has-text-align-center\"><strong>J&rsquo;interviens \u00e0 votre domicile pour que vous soyez dans un cadre de confiance et dans votre environnement.<\/strong><\/p>\n\n\n\n<p>Pour le <strong>bon d\u00e9roulement des s\u00e9ances<\/strong> il faut un <strong>lieu d\u00e9di\u00e9<\/strong> \u00e0 la s\u00e9ance <strong>avec de l\u2019espace<\/strong> pour pouvoir faire des exercices debout et au calme. <br>Un <strong>si\u00e8ge confortable<\/strong> est \u00e9galement n\u00e9cessaire. <br><strong>Pendant le d\u00e9roulement de la s\u00e9ance il ne faut pas \u00eatre d\u00e9rang\u00e9.<\/strong><\/p>\n","protected":false},"excerpt":{"rendered":"<p>S\u00e9ance individuelle \u00e0 domicile &#8211; d\u00e9placement compris S\u00e9ance de groupes Me contacter pour un devis J\u2019interviens sur Grenoble et agglom\u00e9ration.Me contacter pour des s\u00e9ances au-del\u00e0 de ce p\u00e9rim\u00e8tre. J&rsquo;interviens \u00e0 votre domicile pour que vous soyez dans un cadre de confiance et dans votre environnement. Pour le bon d\u00e9roulement des s\u00e9ances il faut un lieu &hellip; <\/p>\n<p class=\"link-more\"><a href=\"https:\/\/candice-brunet.com\/index.php\/prestations-tarifs-sophrologie-grenoble\/\" class=\"more-link\">Continuer la lecture<span class=\"screen-reader-text\"> de &laquo;&nbsp;Prestations &#038; Tarifs&nbsp;&raquo;<\/span><\/a><\/p>\n","protected":false},"author":1,"featured_media":0,"parent":0,"menu_order":2,"comment_status":"closed","ping_status":"closed","template":"","meta":{"footnotes":""},"class_list":["post-12","page","type-page","status-publish","hentry"],"yoast_head":"<!-- This site is optimized with the Yoast SEO plugin v21.9.1 - https:\/\/yoast.com\/wordpress\/plugins\/seo\/ -->\n<title>Prestations &amp; Tarifs - Candice Brunet<\/title>\n<meta name=\"description\" content=\"Tarifs des prestations de sophrologie \u00e0 Grenoble par Candice Brunet. La sophrologie est pour tous en individuel ou en groupe.\" \/>\n<meta name=\"robots\" content=\"index, follow, max-snippet:-1, max-image-preview:large, max-video-preview:-1\" \/>\n<link rel=\"canonical\" href=\"https:\/\/candice-brunet.com\/index.php\/prestations-tarifs-sophrologie-grenoble\/\" \/>\n<meta property=\"og:locale\" content=\"fr_FR\" \/>\n<meta property=\"og:type\" content=\"article\" \/>\n<meta property=\"og:title\" content=\"Prestations &amp; Tarifs - Candice Brunet\" \/>\n<meta property=\"og:description\" content=\"Tarifs des prestations de sophrologie \u00e0 Grenoble par Candice Brunet. La sophrologie est pour tous en individuel ou en groupe.\" \/>\n<meta property=\"og:url\" content=\"https:\/\/candice-brunet.com\/index.php\/prestations-tarifs-sophrologie-grenoble\/\" \/>\n<meta property=\"og:site_name\" content=\"Candice Brunet\" \/>\n<meta property=\"article:modified_time\" content=\"2024-01-30T23:26:44+00:00\" \/>\n<meta name=\"twitter:card\" content=\"summary_large_image\" \/>\n<meta name=\"twitter:label1\" content=\"Dur\u00e9e de lecture estim\u00e9e\" \/>\n\t<meta name=\"twitter:data1\" content=\"1 minute\" \/>\n<script type=\"application\/ld+json\" class=\"yoast-schema-graph\">{\"@context\":\"https:\/\/schema.org\",\"@graph\":[{\"@type\":\"WebPage\",\"@id\":\"https:\/\/candice-brunet.com\/index.php\/prestations-tarifs-sophrologie-grenoble\/\",\"url\":\"https:\/\/candice-brunet.com\/index.php\/prestations-tarifs-sophrologie-grenoble\/\",\"name\":\"Prestations & Tarifs - Candice Brunet\",\"isPartOf\":{\"@id\":\"https:\/\/candice-brunet.com\/#website\"},\"datePublished\":\"2023-09-02T12:01:17+00:00\",\"dateModified\":\"2024-01-30T23:26:44+00:00\",\"description\":\"Tarifs des prestations de sophrologie \u00e0 Grenoble par Candice Brunet. La sophrologie est pour tous en individuel ou en groupe.\",\"breadcrumb\":{\"@id\":\"https:\/\/candice-brunet.com\/index.php\/prestations-tarifs-sophrologie-grenoble\/#breadcrumb\"},\"inLanguage\":\"fr-FR\",\"potentialAction\":[{\"@type\":\"ReadAction\",\"target\":[\"https:\/\/candice-brunet.com\/index.php\/prestations-tarifs-sophrologie-grenoble\/\"]}]},{\"@type\":\"BreadcrumbList\",\"@id\":\"https:\/\/candice-brunet.com\/index.php\/prestations-tarifs-sophrologie-grenoble\/#breadcrumb\",\"itemListElement\":[{\"@type\":\"ListItem\",\"position\":1,\"name\":\"Accueil\",\"item\":\"https:\/\/candice-brunet.com\/\"},{\"@type\":\"ListItem\",\"position\":2,\"name\":\"Prestations &#038; Tarifs\"}]},{\"@type\":\"WebSite\",\"@id\":\"https:\/\/candice-brunet.com\/#website\",\"url\":\"https:\/\/candice-brunet.com\/\",\"name\":\"Candice Brunet\",\"description\":\"Sophrologue \u00e0 Grenoble\",\"publisher\":{\"@id\":\"https:\/\/candice-brunet.com\/#organization\"},\"potentialAction\":[{\"@type\":\"SearchAction\",\"target\":{\"@type\":\"EntryPoint\",\"urlTemplate\":\"https:\/\/candice-brunet.com\/?s={search_term_string}\"},\"query-input\":\"required name=search_term_string\"}],\"inLanguage\":\"fr-FR\"},{\"@type\":\"Organization\",\"@id\":\"https:\/\/candice-brunet.com\/#organization\",\"name\":\"Candice Brunet\",\"url\":\"https:\/\/candice-brunet.com\/\",\"logo\":{\"@type\":\"ImageObject\",\"inLanguage\":\"fr-FR\",\"@id\":\"https:\/\/candice-brunet.com\/#\/schema\/logo\/image\/\",\"url\":\"https:\/\/candice-brunet.com\/wp-content\/uploads\/2023\/09\/logo-candice-brunet.jpg\",\"contentUrl\":\"https:\/\/candice-brunet.com\/wp-content\/uploads\/2023\/09\/logo-candice-brunet.jpg\",\"width\":505,\"height\":168,\"caption\":\"Candice Brunet\"},\"image\":{\"@id\":\"https:\/\/candice-brunet.com\/#\/schema\/logo\/image\/\"}}]}<\/script>\n<!-- \/ Yoast SEO plugin. -->","yoast_head_json":{"title":"Prestations & Tarifs - Candice Brunet","description":"Tarifs des prestations de sophrologie \u00e0 Grenoble par Candice Brunet. La sophrologie est pour tous en individuel ou en groupe.","robots":{"index":"index","follow":"follow","max-snippet":"max-snippet:-1","max-image-preview":"max-image-preview:large","max-video-preview":"max-video-preview:-1"},"canonical":"https:\/\/candice-brunet.com\/index.php\/prestations-tarifs-sophrologie-grenoble\/","og_locale":"fr_FR","og_type":"article","og_title":"Prestations & Tarifs - Candice Brunet","og_description":"Tarifs des prestations de sophrologie \u00e0 Grenoble par Candice Brunet. La sophrologie est pour tous en individuel ou en groupe.","og_url":"https:\/\/candice-brunet.com\/index.php\/prestations-tarifs-sophrologie-grenoble\/","og_site_name":"Candice Brunet","article_modified_time":"2024-01-30T23:26:44+00:00","twitter_card":"summary_large_image","twitter_misc":{"Dur\u00e9e de lecture estim\u00e9e":"1 minute"},"schema":{"@context":"https:\/\/schema.org","@graph":[{"@type":"WebPage","@id":"https:\/\/candice-brunet.com\/index.php\/prestations-tarifs-sophrologie-grenoble\/","url":"https:\/\/candice-brunet.com\/index.php\/prestations-tarifs-sophrologie-grenoble\/","name":"Prestations & Tarifs - Candice Brunet","isPartOf":{"@id":"https:\/\/candice-brunet.com\/#website"},"datePublished":"2023-09-02T12:01:17+00:00","dateModified":"2024-01-30T23:26:44+00:00","description":"Tarifs des prestations de sophrologie \u00e0 Grenoble par Candice Brunet. La sophrologie est pour tous en individuel ou en groupe.","breadcrumb":{"@id":"https:\/\/candice-brunet.com\/index.php\/prestations-tarifs-sophrologie-grenoble\/#breadcrumb"},"inLanguage":"fr-FR","potentialAction":[{"@type":"ReadAction","target":["https:\/\/candice-brunet.com\/index.php\/prestations-tarifs-sophrologie-grenoble\/"]}]},{"@type":"BreadcrumbList","@id":"https:\/\/candice-brunet.com\/index.php\/prestations-tarifs-sophrologie-grenoble\/#breadcrumb","itemListElement":[{"@type":"ListItem","position":1,"name":"Accueil","item":"https:\/\/candice-brunet.com\/"},{"@type":"ListItem","position":2,"name":"Prestations &#038; Tarifs"}]},{"@type":"WebSite","@id":"https:\/\/candice-brunet.com\/#website","url":"https:\/\/candice-brunet.com\/","name":"Candice Brunet","description":"Sophrologue \u00e0 Grenoble","publisher":{"@id":"https:\/\/candice-brunet.com\/#organization"},"potentialAction":[{"@type":"SearchAction","target":{"@type":"EntryPoint","urlTemplate":"https:\/\/candice-brunet.com\/?s={search_term_string}"},"query-input":"required name=search_term_string"}],"inLanguage":"fr-FR"},{"@type":"Organization","@id":"https:\/\/candice-brunet.com\/#organization","name":"Candice Brunet","url":"https:\/\/candice-brunet.com\/","logo":{"@type":"ImageObject","inLanguage":"fr-FR","@id":"https:\/\/candice-brunet.com\/#\/schema\/logo\/image\/","url":"https:\/\/candice-brunet.com\/wp-content\/uploads\/2023\/09\/logo-candice-brunet.jpg","contentUrl":"https:\/\/candice-brunet.com\/wp-content\/uploads\/2023\/09\/logo-candice-brunet.jpg","width":505,"height":168,"caption":"Candice Brunet"},"image":{"@id":"https:\/\/candice-brunet.com\/#\/schema\/logo\/image\/"}}]}},"_links":{"self":[{"href":"https:\/\/candice-brunet.com\/index.php\/wp-json\/wp\/v2\/pages\/12","targetHints":{"allow":["GET"]}}],"collection":[{"href":"https:\/\/candice-brunet.com\/index.php\/wp-json\/wp\/v2\/pages"}],"about":[{"href":"https:\/\/candice-brunet.com\/index.php\/wp-json\/wp\/v2\/types\/page"}],"author":[{"embeddable":true,"href":"https:\/\/candice-brunet.com\/index.php\/wp-json\/wp\/v2\/users\/1"}],"replies":[{"embeddable":true,"href":"https:\/\/candice-brunet.com\/index.php\/wp-json\/wp\/v2\/comments?post=12"}],"version-history":[{"count":9,"href":"https:\/\/candice-brunet.com\/index.php\/wp-json\/wp\/v2\/pages\/12\/revisions"}],"predecessor-version":[{"id":297,"href":"https:\/\/candice-brunet.com\/index.php\/wp-json\/wp\/v2\/pages\/12\/revisions\/297"}],"wp:attachment":[{"href":"https:\/\/candice-brunet.com\/index.php\/wp-json\/wp\/v2\/media?parent=12"}],"curies":[{"name":"wp","href":"https:\/\/api.w.org\/{rel}","templated":true}]}}